
{"id":103,"date":"2016-10-13T14:06:13","date_gmt":"2016-10-13T12:06:13","guid":{"rendered":"http:\/\/comnet2.compower.pl\/lobzow\/?page_id=103"},"modified":"2016-10-19T10:09:58","modified_gmt":"2016-10-19T08:09:58","slug":"zarzad","status":"publish","type":"page","link":"https:\/\/smlobzow.pl\/index.php\/zarzad\/","title":{"rendered":"Zarz\u0105d"},"content":{"rendered":"<style>\r\ntable#t3 {\r\n    border-collapse: collapse;\r\n\tborder-width: 0px;\r\n\tborder-style: outset;\r\n\tline-height: 2.0em;\r\n    text-align: left;\r\n    vertical-align: top;width: 100%;border-top: 1px solid #CCCCCC;\r\n\t\r\n}\r\ntable#t3 thead tr {\r\n\r\n}\r\ntable#t3 thead tr th.t3 {\r\ncolor: #FFFFFF;\r\nbackground: #168117;\r\nbackground: -moz-linear-gradient(top,  #168117 0%, #168117 100%);\r\nbackground: -webkit-gradient(linear, left top, left bottom, color-stop(0%,#168117), color-stop(100%,#168117)); \r\nbackground: -webkit-linear-gradient(top,  #168117 0%,#168117 100%);\r\nbackground: -o-linear-gradient(top,  #168117 0%,#168117 100%);\r\nbackground: -ms-linear-gradient(top,  #168117 0%,#168117 100%);\r\nbackground: linear-gradient(to bottom,  #168117 0%,#168117 100%);\r\nfilter: progid:DXImageTransform.Microsoft.gradient( startColorstr=\"#168117\", endColorstr=\"#168117\",GradientType=0 );\r\nfont-size: 1.5em;\r\nletter-spacing: 0;\r\nline-height: 2.0;\r\npadding: 4px;\r\ntext-transform: none;\r\ntext-align: center;border-bottom: 1px solid #CCCCCC;\r\n}\r\n\r\ntable#t3 thead tr th#t3.start {\r\n\r\n}\r\ntable#t3 thead tr th#t3.end {\r\n\r\n}\r\ntable#t3 tbody tr {\r\n    background: none repeat scroll 0 0 #FFFFFF;\r\n}\r\ntable#t3 tbody tr.table-alternate {\r\n    background: none repeat scroll 0 0 #FCFCFC;\r\n}\r\ntable#t3 tbody tr td {\r\n\tcolor: #000000;\r\n    padding: 5px;\r\n\tborder-width: 0px;\r\n\tline-height: 1.2;\r\n\tfont-size: 1.0em;\r\n\tborder-top: medium none;padding: 15px;border-bottom: 1px solid #CCCCCC;\r\n    text-align: left;\r\n\tvertical-align: top;\r\n}\r\ntable#t3 tbody tr td#n1 {\r\n\twidth: 50%;\r\n\t}table#t3 tbody tr td#n2 {\r\n\twidth: 50%;\r\n\t}\r\ntable#t3 tbody tr:hover td {\r\n}\r\ntable#t3 tfoot tr {\r\n}\r\n\r\ntable#t3 tfoot tr td {\r\ncolor: #000000;\r\nbackground: #FFFFFF;\r\nbackground: -moz-linear-gradient(top,  #FFFFFF 0%, #EEEEEE 100%);\r\nbackground: -webkit-gradient(linear, left top, left bottom, color-stop(0%,#168117), color-stop(100%,#EEEEEE)); \r\nbackground: -webkit-linear-gradient(top,  #FFFFFF 0%,#EEEEEE 100%);\r\nbackground: -o-linear-gradient(top,  #FFFFFF 0%,#EEEEEE 100%);\r\nbackground: -ms-linear-gradient(top,  #FFFFFF 0%,#EEEEEE 100%);\r\nbackground: linear-gradient(to bottom,  #FFFFFF 0%,#EEEEEE 100%);\r\nfilter: progid:DXImageTransform.Microsoft.gradient( startColorstr=\"#FFFFFF\", endColorstr=\"#EEEEEE\",GradientType=0 );\r\npadding: 4px;\r\nborder-width: 0px;\r\nfont-size: 1.0em;\r\nborder-top: medium none;\r\ntext-align: center;\r\n}\r\n<\/style><table id=\"t3\">\r\n\t\t<thead>\r\n\t\t\t<tr><th scope=\"col\" class=\"t3\" id=\"n1\">   Imi\u0119 i Nazwisko<\/th><th scope=\"col\" class=\"t3\" id=\"n2\">Funkcja<\/th><\/tr><\/thead>\r\n\t<tbody><tr class=\"table-alternate row1\"> <td id=\"n1\" class=\"start\">mgr in\u017c. Zbigniew Radosz<\/td><td id=\"n2\" >Prezes Zarz\u0105du<\/td><\/tr><tr class= \"table-noalt row2\"><td id=\"n1\" class=\"start\">Andrzej Bobowski<\/td><td id=\"n2\" >Cz\u0142onek Zarz\u0105du<\/br>\r\nKierownik Dzia\u0142u Technicznego<\/td><\/tr><tr class=\"table-alternate row3\"> <td id=\"n1\" class=\"start\">mgr Ma\u0142gorzata Konopka<\/td><td id=\"n2\" >Cz\u0142onek Zarz\u0105du<\/br>\r\nG\u0142\u00f3wna Ksi\u0119gowa<\/td><\/tr><\/tbody><\/table>\n<p>&nbsp;<\/p>\n<p style=\"text-align: justify;\"><span style=\"color: #168117;\"><strong>Cz\u0142onkowie Zarz\u0105du przyjmuj\u0105 w ka\u017cdy poniedzia\u0142ek w godzinach 14.00 &#8211; 17.00, po wcze\u015bniejszym uzgodnieniu terminu w Sekretariacie.<\/strong><\/span><\/p>\n","protected":false},"excerpt":{"rendered":"<p>&nbsp; Cz\u0142onkowie Zarz\u0105du przyjmuj\u0105 w ka\u017cdy poniedzia\u0142ek w godzinach 14.00 &#8211; 17.00, po wcze\u015bniejszym uzgodnieniu terminu w Sekretariacie.<\/p>\n","protected":false},"author":1,"featured_media":0,"parent":0,"menu_order":0,"comment_status":"closed","ping_status":"closed","template":"","meta":{"footnotes":""},"class_list":["post-103","page","type-page","status-publish","hentry"],"_links":{"self":[{"href":"https:\/\/smlobzow.pl\/index.php\/wp-json\/wp\/v2\/pages\/103","targetHints":{"allow":["GET"]}}],"collection":[{"href":"https:\/\/smlobzow.pl\/index.php\/wp-json\/wp\/v2\/pages"}],"about":[{"href":"https:\/\/smlobzow.pl\/index.php\/wp-json\/wp\/v2\/types\/page"}],"author":[{"embeddable":true,"href":"https:\/\/smlobzow.pl\/index.php\/wp-json\/wp\/v2\/users\/1"}],"replies":[{"embeddable":true,"href":"https:\/\/smlobzow.pl\/index.php\/wp-json\/wp\/v2\/comments?post=103"}],"version-history":[{"count":8,"href":"https:\/\/smlobzow.pl\/index.php\/wp-json\/wp\/v2\/pages\/103\/revisions"}],"predecessor-version":[{"id":441,"href":"https:\/\/smlobzow.pl\/index.php\/wp-json\/wp\/v2\/pages\/103\/revisions\/441"}],"wp:attachment":[{"href":"https:\/\/smlobzow.pl\/index.php\/wp-json\/wp\/v2\/media?parent=103"}],"curies":[{"name":"wp","href":"https:\/\/api.w.org\/{rel}","templated":true}]}}