{"id":108,"date":"2016-10-13T14:13:42","date_gmt":"2016-10-13T12:13:42","guid":{"rendered":"http:\/\/comnet2.compower.pl\/lobzow\/?page_id=108"},"modified":"2016-10-17T11:59:30","modified_gmt":"2016-10-17T09:59:30","slug":"zasoby","status":"publish","type":"page","link":"https:\/\/smlobzow.pl\/index.php\/zasoby\/","title":{"rendered":"Zasoby"},"content":{"rendered":"<p><span style=\"font-size: 14pt; color: #168117;\"><strong>Zasoby mieszkaniowe Sp\u00f3\u0142dzielni wg stanu na dzie\u0144 31.12.2008 r. \u00a0:<\/strong><\/span><\/p>\n<p><strong>Liczba budynk\u00f3w:<\/strong><\/p>\n<ul>\n<li>40 budynk\u00f3w mieszkalnych ( 17 wysokich i 23 niskie ),<\/li>\n<li>4 pawilony handlowe<\/li>\n<\/ul>\n<p><strong>Liczba lokali mieszkalnych:<\/strong> \u0142\u0105cznie 2093 lokale mieszkalne,<\/p>\n<p><strong>Powierzchnia u\u017cytkowa mieszka\u0144:<\/strong> 86 403,78 m2,<\/p>\n<p><strong>Powierzchnia lokali u\u017cytkowych:<\/strong> 1 963,96 m2,<\/p>\n<p><span style=\"font-size: 14pt; color: #168117;\"><strong>Zasoby Sp\u00f3\u0142dzielni:<\/strong><\/span><\/p>\n<ul>\n<li>ul. Mazowiecka 27, 31, 34, 35, 36, 38, 39, 49, 51, 53, 55, 60, 66, 84, 98, 104, 104A, 106, 117, 125<\/li>\n<li>ul. Rac\u0142awicka 29, 31, 32, 32A, 54<\/li>\n<li>ul. Wroc\u0142awska 5B, 15, 43, 66, 68<\/li>\n<li>ul. W\u00f3jtowska 4, 7, 9<\/li>\n<li>ul. Litewska 20 i 22<\/li>\n<li>ul. Lubelska 13a i 19<\/li>\n<li>ul. \u0141okietka 6B i 23<\/li>\n<li>ul. Friedleina 19<\/li>\n<\/ul>\n<p><span style=\"font-size: 14pt; color: #168117;\"><strong>Pawilony handlowe:<\/strong><\/span><\/p>\n<ul>\n<li>ul. Mazowiecka 41<\/li>\n<li>ul. Mazowiecka 88<\/li>\n<li>ul. W\u00f3jtowska 3<\/li>\n<li>ul. Wroc\u0142awska 28<\/li>\n<\/ul>\n","protected":false},"excerpt":{"rendered":"<p>Zasoby mieszkaniowe Sp\u00f3\u0142dzielni wg stanu na dzie\u0144 31.12.2008 r. \u00a0: Liczba budynk\u00f3w: 40 budynk\u00f3w mieszkalnych ( 17 wysokich i 23 niskie ), 4 pawilony handlowe Liczba lokali mieszkalnych: \u0142\u0105cznie 2093 lokale mieszkalne, Powierzchnia u\u017cytkowa mieszka\u0144: 86 403,78 m2, Powierzchnia lokali u\u017cytkowych: 1 963,96 m2, Zasoby Sp\u00f3\u0142dzielni: ul. Mazowiecka 27, 31, 34, 35, 36, 38, 39,<a class=\"moretag\" href=\"https:\/\/smlobzow.pl\/index.php\/zasoby\/\"><span class=\"screen-reader-text\">Wi\u0119cej oZasoby<\/span>[&#8230;]<\/a><\/p>\n","protected":false},"author":1,"featured_media":0,"parent":0,"menu_order":0,"comment_status":"closed","ping_status":"closed","template":"","meta":{"footnotes":""},"class_list":["post-108","page","type-page","status-publish","hentry"],"_links":{"self":[{"href":"https:\/\/smlobzow.pl\/index.php\/wp-json\/wp\/v2\/pages\/108","targetHints":{"allow":["GET"]}}],"collection":[{"href":"https:\/\/smlobzow.pl\/index.php\/wp-json\/wp\/v2\/pages"}],"about":[{"href":"https:\/\/smlobzow.pl\/index.php\/wp-json\/wp\/v2\/types\/page"}],"author":[{"embeddable":true,"href":"https:\/\/smlobzow.pl\/index.php\/wp-json\/wp\/v2\/users\/1"}],"replies":[{"embeddable":true,"href":"https:\/\/smlobzow.pl\/index.php\/wp-json\/wp\/v2\/comments?post=108"}],"version-history":[{"count":41,"href":"https:\/\/smlobzow.pl\/index.php\/wp-json\/wp\/v2\/pages\/108\/revisions"}],"predecessor-version":[{"id":219,"href":"https:\/\/smlobzow.pl\/index.php\/wp-json\/wp\/v2\/pages\/108\/revisions\/219"}],"wp:attachment":[{"href":"https:\/\/smlobzow.pl\/index.php\/wp-json\/wp\/v2\/media?parent=108"}],"curies":[{"name":"wp","href":"https:\/\/api.w.org\/{rel}","templated":true}]}}