{"id":122,"date":"2016-10-17T09:43:04","date_gmt":"2016-10-17T07:43:04","guid":{"rendered":"http:\/\/comnet2.compower.pl\/lobzow\/?page_id=122"},"modified":"2016-10-25T11:38:15","modified_gmt":"2016-10-25T09:38:15","slug":"mapy-zasobow","status":"publish","type":"page","link":"https:\/\/smlobzow.pl\/index.php\/mapy-zasobow\/","title":{"rendered":"Mapy zasob\u00f3w"},"content":{"rendered":"<table width=\"100%\" style=\"margin-bottom: 0px\">\r\n  <tr>\r\n    <td width=\"70\" style=\"vertical-align:top;padding:0em;\"><a href=\"https:\/\/smlobzow.pl\/?wpfb_dl=108\"><img decoding=\"async\" src=\"https:\/\/smlobzow.pl\/wp-content\/uploads\/2016\/10\/jpg.png\" style=\"vertical-align:middle;\" \/><\/a><\/td>\r\n    <td><pdf-tytul><a href=\"https:\/\/smlobzow.pl\/?wpfb_dl=108\" style=font-size:14px;>Mapa Og\u00f3lna<\/a><\/pdf-tytul><\/td>\r\n  <\/tr>\r\n<\/table>\n<table width=\"100%\" style=\"margin-bottom: 0px\">\r\n  <tr>\r\n    <td width=\"70\" style=\"vertical-align:top;padding:0em;\"><a href=\"https:\/\/smlobzow.pl\/?wpfb_dl=107\"><img decoding=\"async\" src=\"https:\/\/smlobzow.pl\/wp-content\/uploads\/2016\/10\/jpg.png\" style=\"vertical-align:middle;\" \/><\/a><\/td>\r\n    <td><pdf-tytul><a href=\"https:\/\/smlobzow.pl\/?wpfb_dl=107\" style=font-size:14px;>Legenda<\/a><\/pdf-tytul><\/td>\r\n  <\/tr>\r\n<\/table>\n<hr \/>\n<table style=\"height: 175px;\" width=\"820\">\n<tbody>\n<tr>\n<td style=\"width: 466px;\">\u00a0<table width=\"100%\" style=\"margin-bottom: 0px\">\r\n  <tr>\r\n    <td width=\"70\" style=\"vertical-align:top;padding:0em;\"><a href=\"https:\/\/smlobzow.pl\/?wpfb_dl=109\"><img decoding=\"async\" src=\"https:\/\/smlobzow.pl\/wp-content\/uploads\/2016\/10\/jpg.png\" style=\"vertical-align:middle;\" \/><\/a><\/td>\r\n    <td><pdf-tytul><a href=\"https:\/\/smlobzow.pl\/?wpfb_dl=109\" style=font-size:14px;>Mazowiecka 60,66<\/a><\/pdf-tytul><\/td>\r\n  <\/tr>\r\n<\/table><\/td>\n<td style=\"width: 467px;\">\u00a0<table width=\"100%\" style=\"margin-bottom: 0px\">\r\n  <tr>\r\n    <td width=\"70\" style=\"vertical-align:top;padding:0em;\"><a href=\"https:\/\/smlobzow.pl\/?wpfb_dl=110\"><img decoding=\"async\" src=\"https:\/\/smlobzow.pl\/wp-content\/uploads\/2016\/10\/jpg.png\" style=\"vertical-align:middle;\" \/><\/a><\/td>\r\n    <td><pdf-tytul><a href=\"https:\/\/smlobzow.pl\/?wpfb_dl=110\" style=font-size:14px;>Mazowiecka 49,51,53,55<\/a><\/pdf-tytul><\/td>\r\n  <\/tr>\r\n<\/table><\/td>\n<\/tr>\n<tr>\n<td style=\"width: 466px;\">\u00a0<table width=\"100%\" style=\"margin-bottom: 0px\">\r\n  <tr>\r\n    <td width=\"70\" style=\"vertical-align:top;padding:0em;\"><a href=\"https:\/\/smlobzow.pl\/?wpfb_dl=111\"><img decoding=\"async\" src=\"https:\/\/smlobzow.pl\/wp-content\/uploads\/2016\/10\/jpg.png\" style=\"vertical-align:middle;\" \/><\/a><\/td>\r\n    <td><pdf-tytul><a href=\"https:\/\/smlobzow.pl\/?wpfb_dl=111\" style=font-size:14px;>Mazowiecka 84,88 Rac\u0142awicka 29,31, 32,32a<\/a><\/pdf-tytul><\/td>\r\n  <\/tr>\r\n<\/table><\/td>\n<td style=\"width: 467px;\">\u00a0\u00a0<table width=\"100%\" style=\"margin-bottom: 0px\">\r\n  <tr>\r\n    <td width=\"70\" style=\"vertical-align:top;padding:0em;\"><a href=\"https:\/\/smlobzow.pl\/?wpfb_dl=112\"><img decoding=\"async\" src=\"https:\/\/smlobzow.pl\/wp-content\/uploads\/2016\/10\/jpg.png\" style=\"vertical-align:middle;\" \/><\/a><\/td>\r\n    <td><pdf-tytul><a href=\"https:\/\/smlobzow.pl\/?wpfb_dl=112\" style=font-size:14px;>Mazowiecka 98,104,104a Rac\u0142awicka 32,32a<\/a><\/pdf-tytul><\/td>\r\n  <\/tr>\r\n<\/table><\/td>\n<\/tr>\n<tr>\n<td style=\"width: 466px;\">\u00a0<table width=\"100%\" style=\"margin-bottom: 0px\">\r\n  <tr>\r\n    <td width=\"70\" style=\"vertical-align:top;padding:0em;\"><a href=\"https:\/\/smlobzow.pl\/?wpfb_dl=113\"><img decoding=\"async\" src=\"https:\/\/smlobzow.pl\/wp-content\/uploads\/2016\/10\/jpg.png\" style=\"vertical-align:middle;\" \/><\/a><\/td>\r\n    <td><pdf-tytul><a href=\"https:\/\/smlobzow.pl\/?wpfb_dl=113\" style=font-size:14px;>Mazowiecka 117,125<\/a><\/pdf-tytul><\/td>\r\n  <\/tr>\r\n<\/table><\/td>\n<td style=\"width: 467px;\">\u00a0<table width=\"100%\" style=\"margin-bottom: 0px\">\r\n  <tr>\r\n    <td width=\"70\" style=\"vertical-align:top;padding:0em;\"><a href=\"https:\/\/smlobzow.pl\/?wpfb_dl=114\"><img decoding=\"async\" src=\"https:\/\/smlobzow.pl\/wp-content\/uploads\/2016\/10\/jpg.png\" style=\"vertical-align:middle;\" \/><\/a><\/td>\r\n    <td><pdf-tytul><a href=\"https:\/\/smlobzow.pl\/?wpfb_dl=114\" style=font-size:14px;>Wroc\u0142awska 66,68 Rac\u0142awicka 54<\/a><\/pdf-tytul><\/td>\r\n  <\/tr>\r\n<\/table><\/td>\n<\/tr>\n<tr>\n<td style=\"width: 466px;\">\u00a0<table width=\"100%\" style=\"margin-bottom: 0px\">\r\n  <tr>\r\n    <td width=\"70\" style=\"vertical-align:top;padding:0em;\"><a href=\"https:\/\/smlobzow.pl\/?wpfb_dl=115\"><img decoding=\"async\" src=\"https:\/\/smlobzow.pl\/wp-content\/uploads\/2016\/10\/jpg.png\" style=\"vertical-align:middle;\" \/><\/a><\/td>\r\n    <td><pdf-tytul><a href=\"https:\/\/smlobzow.pl\/?wpfb_dl=115\" style=font-size:14px;>Wroc\u0142awska 43<\/a><\/pdf-tytul><\/td>\r\n  <\/tr>\r\n<\/table><\/td>\n<td style=\"width: 467px;\">\u00a0<table width=\"100%\" style=\"margin-bottom: 0px\">\r\n  <tr>\r\n    <td width=\"70\" style=\"vertical-align:top;padding:0em;\"><a href=\"https:\/\/smlobzow.pl\/?wpfb_dl=116\"><img decoding=\"async\" src=\"https:\/\/smlobzow.pl\/wp-content\/uploads\/2016\/10\/jpg.png\" style=\"vertical-align:middle;\" \/><\/a><\/td>\r\n    <td><pdf-tytul><a href=\"https:\/\/smlobzow.pl\/?wpfb_dl=116\" style=font-size:14px;>Litewska 20,22 W\u00f3jtowska 3,4 Mazowiecka 41<\/a><\/pdf-tytul><\/td>\r\n  <\/tr>\r\n<\/table><\/td>\n<\/tr>\n<tr>\n<td style=\"width: 466px;\">\u00a0\u00a0<table width=\"100%\" style=\"margin-bottom: 0px\">\r\n  <tr>\r\n    <td width=\"70\" style=\"vertical-align:top;padding:0em;\"><a href=\"https:\/\/smlobzow.pl\/?wpfb_dl=117\"><img decoding=\"async\" src=\"https:\/\/smlobzow.pl\/wp-content\/uploads\/2016\/10\/jpg.png\" style=\"vertical-align:middle;\" \/><\/a><\/td>\r\n    <td><pdf-tytul><a href=\"https:\/\/smlobzow.pl\/?wpfb_dl=117\" style=font-size:14px;>W\u00f3jtowska 3 Mazowiecka 27,31,35,39,41 \u015awi\u0119tokrzyska 12<\/a><\/pdf-tytul><\/td>\r\n  <\/tr>\r\n<\/table><\/td>\n<td style=\"width: 467px;\">\u00a0\u00a0<table width=\"100%\" style=\"margin-bottom: 0px\">\r\n  <tr>\r\n    <td width=\"70\" style=\"vertical-align:top;padding:0em;\"><a href=\"https:\/\/smlobzow.pl\/?wpfb_dl=118\"><img decoding=\"async\" src=\"https:\/\/smlobzow.pl\/wp-content\/uploads\/2016\/10\/jpg.png\" style=\"vertical-align:middle;\" \/><\/a><\/td>\r\n    <td><pdf-tytul><a href=\"https:\/\/smlobzow.pl\/?wpfb_dl=118\" style=font-size:14px;>W\u00f3jtowska 7,9 Wroc\u0142awska 28  \u015awi\u0119tokrzyska 12<\/a><\/pdf-tytul><\/td>\r\n  <\/tr>\r\n<\/table><\/td>\n<\/tr>\n<tr>\n<td style=\"width: 466px;\">\u00a0\u00a0<table width=\"100%\" style=\"margin-bottom: 0px\">\r\n  <tr>\r\n    <td width=\"70\" style=\"vertical-align:top;padding:0em;\"><a href=\"https:\/\/smlobzow.pl\/?wpfb_dl=119\"><img decoding=\"async\" src=\"https:\/\/smlobzow.pl\/wp-content\/uploads\/2016\/10\/jpg.png\" style=\"vertical-align:middle;\" \/><\/a><\/td>\r\n    <td><pdf-tytul><a href=\"https:\/\/smlobzow.pl\/?wpfb_dl=119\" style=font-size:14px;>Mazowiecka 34,36,38<\/a><\/pdf-tytul><\/td>\r\n  <\/tr>\r\n<\/table><\/td>\n<td style=\"width: 467px;\">\u00a0<table width=\"100%\" style=\"margin-bottom: 0px\">\r\n  <tr>\r\n    <td width=\"70\" style=\"vertical-align:top;padding:0em;\"><a href=\"https:\/\/smlobzow.pl\/?wpfb_dl=120\"><img decoding=\"async\" src=\"https:\/\/smlobzow.pl\/wp-content\/uploads\/2016\/10\/jpg.png\" style=\"vertical-align:middle;\" \/><\/a><\/td>\r\n    <td><pdf-tytul><a href=\"https:\/\/smlobzow.pl\/?wpfb_dl=120\" style=font-size:14px;>Lubelska 13a,19<\/a><\/pdf-tytul><\/td>\r\n  <\/tr>\r\n<\/table><\/td>\n<\/tr>\n<tr>\n<td style=\"width: 466px;\">\u00a0\u00a0<table width=\"100%\" style=\"margin-bottom: 0px\">\r\n  <tr>\r\n    <td width=\"70\" style=\"vertical-align:top;padding:0em;\"><a href=\"https:\/\/smlobzow.pl\/?wpfb_dl=121\"><img decoding=\"async\" src=\"https:\/\/smlobzow.pl\/wp-content\/uploads\/2016\/10\/jpg.png\" style=\"vertical-align:middle;\" \/><\/a><\/td>\r\n    <td><pdf-tytul><a href=\"https:\/\/smlobzow.pl\/?wpfb_dl=121\" style=font-size:14px;>Wroc\u0142awska 5b,15 \u0141okietka 6b<\/a><\/pdf-tytul><\/td>\r\n  <\/tr>\r\n<\/table><\/td>\n<td style=\"width: 467px;\">\u00a0\u00a0<table width=\"100%\" style=\"margin-bottom: 0px\">\r\n  <tr>\r\n    <td width=\"70\" style=\"vertical-align:top;padding:0em;\"><a href=\"https:\/\/smlobzow.pl\/?wpfb_dl=122\"><img decoding=\"async\" src=\"https:\/\/smlobzow.pl\/wp-content\/uploads\/2016\/10\/jpg.png\" style=\"vertical-align:middle;\" \/><\/a><\/td>\r\n    <td><pdf-tytul><a href=\"https:\/\/smlobzow.pl\/?wpfb_dl=122\" style=font-size:14px;>\u0141okietka 23<\/a><\/pdf-tytul><\/td>\r\n  <\/tr>\r\n<\/table><\/td>\n<\/tr>\n<tr>\n<td style=\"width: 466px;\"><table width=\"100%\" style=\"margin-bottom: 0px\">\r\n  <tr>\r\n    <td width=\"70\" style=\"vertical-align:top;padding:0em;\"><a href=\"https:\/\/smlobzow.pl\/?wpfb_dl=123\"><img decoding=\"async\" src=\"https:\/\/smlobzow.pl\/wp-content\/uploads\/2016\/10\/jpg.png\" style=\"vertical-align:middle;\" \/><\/a><\/td>\r\n    <td><pdf-tytul><a href=\"https:\/\/smlobzow.pl\/?wpfb_dl=123\" style=font-size:14px;>Friedleina 19<\/a><\/pdf-tytul><\/td>\r\n  <\/tr>\r\n<\/table><\/td>\n<td style=\"width: 467px;\"><\/td>\n<\/tr>\n<\/tbody>\n<\/table>\n","protected":false},"excerpt":{"rendered":"<p>\u00a0 \u00a0 \u00a0 \u00a0\u00a0 \u00a0 \u00a0 \u00a0 \u00a0 \u00a0\u00a0 \u00a0\u00a0 \u00a0\u00a0 \u00a0 \u00a0\u00a0 \u00a0\u00a0<\/p>\n","protected":false},"author":1,"featured_media":0,"parent":0,"menu_order":0,"comment_status":"closed","ping_status":"closed","template":"","meta":{"footnotes":""},"class_list":["post-122","page","type-page","status-publish","hentry"],"_links":{"self":[{"href":"https:\/\/smlobzow.pl\/index.php\/wp-json\/wp\/v2\/pages\/122","targetHints":{"allow":["GET"]}}],"collection":[{"href":"https:\/\/smlobzow.pl\/index.php\/wp-json\/wp\/v2\/pages"}],"about":[{"href":"https:\/\/smlobzow.pl\/index.php\/wp-json\/wp\/v2\/types\/page"}],"author":[{"embeddable":true,"href":"https:\/\/smlobzow.pl\/index.php\/wp-json\/wp\/v2\/users\/1"}],"replies":[{"embeddable":true,"href":"https:\/\/smlobzow.pl\/index.php\/wp-json\/wp\/v2\/comments?post=122"}],"version-history":[{"count":14,"href":"https:\/\/smlobzow.pl\/index.php\/wp-json\/wp\/v2\/pages\/122\/revisions"}],"predecessor-version":[{"id":587,"href":"https:\/\/smlobzow.pl\/index.php\/wp-json\/wp\/v2\/pages\/122\/revisions\/587"}],"wp:attachment":[{"href":"https:\/\/smlobzow.pl\/index.php\/wp-json\/wp\/v2\/media?parent=122"}],"curies":[{"name":"wp","href":"https:\/\/api.w.org\/{rel}","templated":true}]}}