{"id":169,"date":"2016-10-17T10:11:42","date_gmt":"2016-10-17T08:11:42","guid":{"rendered":"http:\/\/comnet2.compower.pl\/lobzow\/?page_id=169"},"modified":"2025-03-10T17:52:34","modified_gmt":"2025-03-10T16:52:34","slug":"przydatne-linki","status":"publish","type":"page","link":"https:\/\/smlobzow.pl\/index.php\/przydatne-linki\/","title":{"rendered":"Przydatne linki"},"content":{"rendered":"<ul>\n<li><a href=\"http:\/\/isap.sejm.gov.pl\/\">Internetowy system akt\u00f3w prawnych<\/a><\/li>\n<li><a href=\"https:\/\/ekw.ms.gov.pl\/eukw_ogol\/menu.do\">Dost\u0119p do Centralnej Bazy Danych Ksi\u0105g Wieczystych<\/a><\/li>\n<li><a href=\"http:\/\/isap.sejm.gov.pl\/DetailsServlet?id=WDU20010040027\">Ustawa o sp\u00f3\u0142dzielniach mieszkaniowych<\/a><\/li>\n<li><a href=\"http:\/\/isap.sejm.gov.pl\/DetailsServlet?id=WDU19820300210\">Ustawa Prawo sp\u00f3\u0142dzielcze<\/a><\/li>\n<li><a href=\"https:\/\/www.upc.pl\/pomoc\/kontakt\/#\/klient-indywidualny\/\">UPC &#8211; Zg\u0142oszenie usterki<\/a><\/li>\n<li><a href=\"https:\/\/www.uniqa.pl\/obsluga-i-kontakt\/likwidacja-szkod\/elektroniczne-zglaszanie-szkod\">Uniqa &#8211; Zg\u0142oszenie szkody<\/a><\/li>\n<li><a href=\"https:\/\/smlobzow.pl\/?wpfb_dl=189\">UPC &#8211; Pakiet podstawowy TV<\/a><\/li>\n<li><a href=\"https:\/\/www.bip.krakow.pl\/index.php?sub_dok_id=762\">Dodatek mieszkaniowy i energetyczny<\/a><\/li>\n<li><a href=\"https:\/\/smlobzow.pl\/index.php\/2025\/03\/10\/ubezpieczenie-mieszkania-i-oc-przy-czynszu-6\/\">Ubezpieczenie mieszkania &#8222;przy czynszu&#8221;<\/a><\/li>\n<\/ul>\n","protected":false},"excerpt":{"rendered":"<p>Internetowy system akt\u00f3w prawnych Dost\u0119p do Centralnej Bazy Danych Ksi\u0105g Wieczystych Ustawa o sp\u00f3\u0142dzielniach mieszkaniowych Ustawa Prawo sp\u00f3\u0142dzielcze UPC &#8211; Zg\u0142oszenie usterki Uniqa &#8211; Zg\u0142oszenie szkody UPC &#8211; Pakiet podstawowy TV Dodatek mieszkaniowy i energetyczny Ubezpieczenie mieszkania &#8222;przy czynszu&#8221;<\/p>\n","protected":false},"author":1,"featured_media":0,"parent":0,"menu_order":0,"comment_status":"closed","ping_status":"closed","template":"","meta":{"footnotes":""},"class_list":["post-169","page","type-page","status-publish","hentry"],"_links":{"self":[{"href":"https:\/\/smlobzow.pl\/index.php\/wp-json\/wp\/v2\/pages\/169","targetHints":{"allow":["GET"]}}],"collection":[{"href":"https:\/\/smlobzow.pl\/index.php\/wp-json\/wp\/v2\/pages"}],"about":[{"href":"https:\/\/smlobzow.pl\/index.php\/wp-json\/wp\/v2\/types\/page"}],"author":[{"embeddable":true,"href":"https:\/\/smlobzow.pl\/index.php\/wp-json\/wp\/v2\/users\/1"}],"replies":[{"embeddable":true,"href":"https:\/\/smlobzow.pl\/index.php\/wp-json\/wp\/v2\/comments?post=169"}],"version-history":[{"count":14,"href":"https:\/\/smlobzow.pl\/index.php\/wp-json\/wp\/v2\/pages\/169\/revisions"}],"predecessor-version":[{"id":4715,"href":"https:\/\/smlobzow.pl\/index.php\/wp-json\/wp\/v2\/pages\/169\/revisions\/4715"}],"wp:attachment":[{"href":"https:\/\/smlobzow.pl\/index.php\/wp-json\/wp\/v2\/media?parent=169"}],"curies":[{"name":"wp","href":"https:\/\/api.w.org\/{rel}","templated":true}]}}