
{"id":42,"date":"2016-10-13T11:38:35","date_gmt":"2016-10-13T09:38:35","guid":{"rendered":"http:\/\/comnet2.compower.pl\/lobzow\/?page_id=42"},"modified":"2024-01-26T11:38:38","modified_gmt":"2024-01-26T10:38:38","slug":"kontakt","status":"publish","type":"page","link":"https:\/\/smlobzow.pl\/index.php\/kontakt\/","title":{"rendered":"Kontakt"},"content":{"rendered":"<p style=\"text-align: center;\"><span style=\"font-size: 16pt; color: #168117;\"><strong>SP\u00d3\u0141DZIELNIA MIESZKANIOWA &#8222;\u0141OBZ\u00d3W&#8221; W KRAKOWIE<\/strong><\/span><br \/>\nul. Mazowiecka 66, 30-019 Krak\u00f3w<\/p>\n<p style=\"text-align: center;\">NIP: 675-000-57-89, REGON: 003888090, KRS: 0000104155<\/p>\n<p style=\"text-align: center;\">Konto Bankowe: Krakowski Bank Sp\u00f3\u0142dzielczy,<br \/>\nRynek Kleparski 8, 31-150 Krak\u00f3w<br \/>\nNr rachunku 74 8591 0007 0020 0017 5913 0001<\/p>\n<p style=\"text-align: center;\">e-mail:\u00a0<a href=\"mailto:poczta@smlobzow.pl\">poczta@smlobzow.pl<\/a><br \/>\n<a href=\"http:\/\/www.smlobzow.pl\">www.smlobzow.pl<\/a><br \/>\n<a href=\"https:\/\/www.facebook.com\/smlobzow\">www.facebook.com\/smlobzow<\/a><br \/>\ne-Dor\u0119czenia: <span style=\"color: #168117;\">AE:PL-71607-95705-ETRDJ-30<\/span><\/p>\n<hr \/>\n<style>\r\ntable#t1 {\r\n    border-collapse: collapse;\r\n\tborder-width: 0px;\r\n\tborder-style: outset;\r\n\tline-height: 2.0em;\r\n    text-align: left;\r\n    vertical-align: top;width: 100%;border-top: 1px solid #F16C20;\r\n\t\r\n}\r\ntable#t1 thead tr {\r\n\r\n}\r\ntable#t1 thead tr th.t1 {\r\ncolor: #000000;\r\nbackground: #F2F2F2;\r\nbackground: -moz-linear-gradient(top,  #F2F2F2 0%, #F2F2F2 100%);\r\nbackground: -webkit-gradient(linear, left top, left bottom, color-stop(0%,#F2F2F2), color-stop(100%,#F2F2F2)); \r\nbackground: -webkit-linear-gradient(top,  #F2F2F2 0%,#F2F2F2 100%);\r\nbackground: -o-linear-gradient(top,  #F2F2F2 0%,#F2F2F2 100%);\r\nbackground: -ms-linear-gradient(top,  #F2F2F2 0%,#F2F2F2 100%);\r\nbackground: linear-gradient(to bottom,  #F2F2F2 0%,#F2F2F2 100%);\r\nfilter: progid:DXImageTransform.Microsoft.gradient( startColorstr=\"#F2F2F2\", endColorstr=\"#F2F2F2\",GradientType=0 );\r\nfont-size: 1.5em;\r\nletter-spacing: 0;\r\nline-height: 2.0;\r\npadding: 4px;\r\ntext-transform: none;\r\ntext-align: left;border-bottom: 1px solid #F16C20;\r\n}\r\n\r\ntable#t1 thead tr th#t1.start {\r\n\r\n}\r\ntable#t1 thead tr th#t1.end {\r\n\r\n}\r\ntable#t1 tbody tr {\r\n    background: none repeat scroll 0 0 #FFFFFF;\r\n}\r\ntable#t1 tbody tr.table-alternate {\r\n    background: none repeat scroll 0 0 #FFFFFF;\r\n}\r\ntable#t1 tbody tr td {\r\n\tcolor: #000000;\r\n    padding: 5px;\r\n\tborder-width: 0px;\r\n\tline-height: 1.2;\r\n\tfont-size: 1.0em;\r\n\tborder-top: medium none;border-bottom: 1px solid #F16C20;\r\n    text-align: left;\r\n\tvertical-align: top;\r\n}\r\ntable#t1 tbody tr td#n1 {\r\n\twidth: 50%;\r\n\t}table#t1 tbody tr td#n2 {\r\n\twidth: 25%;\r\n\t}table#t1 tbody tr td#n3 {\r\n\twidth: 25%;\r\n\t}\r\ntable#t1 tbody tr:hover td {\r\n}\r\ntable#t1 tfoot tr {\r\n}\r\n\r\ntable#t1 tfoot tr td {\r\ncolor: #000000;\r\nbackground: #F2F2F2;\r\nbackground: -moz-linear-gradient(top,  #F2F2F2 0%, #F2F2F2 100%);\r\nbackground: -webkit-gradient(linear, left top, left bottom, color-stop(0%,#F2F2F2), color-stop(100%,#F2F2F2)); \r\nbackground: -webkit-linear-gradient(top,  #F2F2F2 0%,#F2F2F2 100%);\r\nbackground: -o-linear-gradient(top,  #F2F2F2 0%,#F2F2F2 100%);\r\nbackground: -ms-linear-gradient(top,  #F2F2F2 0%,#F2F2F2 100%);\r\nbackground: linear-gradient(to bottom,  #F2F2F2 0%,#F2F2F2 100%);\r\nfilter: progid:DXImageTransform.Microsoft.gradient( startColorstr=\"#F2F2F2\", endColorstr=\"#F2F2F2\",GradientType=0 );\r\npadding: 4px;\r\nborder-width: 0px;\r\nfont-size: 1.0em;\r\nborder-top: medium none;\r\ntext-align: left;\r\n}\r\n<\/style><table id=\"t1\">\r\n\t<tbody><tr class=\"table-alternate row1\"> <td id=\"n1\" class=\"start\"><\/br><\/br><img loading=\"lazy\" decoding=\"async\" src=\"https:\/\/www.smlobzow.pl\/wp-content\/uploads\/2016\/11\/zegar.png\" width=\"41\" height=\"31\" style=\"PADDING-RIGHT: 10px\" ><font size=\"5px\"><font color=\"#168117\"><b>Godziny otwarcia<\/b><\/font><\/font><\/td><td id=\"n2\" ><\/br><\/br><font size=\"5px\"><font color=\"#168117\"><b>Biuro<\/b><\/font><\/font><\/td><td id=\"n3\" ><\/br><\/br><font size=\"5px\"><font color=\"#168117\"><b>Kasa<\/b><\/font><\/font><\/td><\/tr><tr class= \"table-noalt row2\"><td id=\"n1\" class=\"start\">Poniedzia\u0142ek<\/td><td id=\"n2\" >8:00 - 17:00<\/td><td id=\"n3\" >\u00a0\u00a08:30 - 12:00<\/br>15:00 - 16:30<\/td><\/tr><tr class=\"table-alternate row3\"> <td id=\"n1\" class=\"start\">Wtorek, \u015aroda, Czwartek<\/td><td id=\"n2\" >7:00 - 15:00<\/td><td id=\"n3\" >\u00a0\u00a08:00 - 12:30<\/td><\/tr><tr class= \"table-noalt row4\"><td id=\"n1\" class=\"start\">Piatek<\/td><td id=\"n2\" >7:00 - 14:00<\/td><td id=\"n3\" >\u00a0\u00a08:00 - 12:30<\/td><\/tr><tr class=\"table-alternate row5\"> <td id=\"n1\" class=\"start\"><\/br><\/br><img loading=\"lazy\" decoding=\"async\" src=\"https:\/\/www.smlobzow.pl\/wp-content\/uploads\/2016\/11\/tel.png\" width=\"41\" height=\"31\" style=\"PADDING-RIGHT: 10px\" ><font size=\"5px\"><font color=\"#168117\"><b>Telefony do Sp\u00f3\u0142dzielni <\/b><\/font><\/font><\/td><td id=\"n2\" ><\/br><\/td><td id=\"n3\" ><\/br><\/td><\/tr><tr class= \"table-noalt row6\"><td id=\"n1\" class=\"start\">Sekretariat tel.\/fax:<\/td><td id=\"n2\" >12 632 10 14<\/td><td id=\"n3\" >603 559 558<\/td><\/tr><tr class=\"table-alternate row7\"> <td id=\"n1\" class=\"start\">Administracja:<\/td><td id=\"n2\" >12 633 83 09<\/td><td id=\"n3\" >665 280 950<\/td><\/tr><tr class= \"table-noalt row8\"><td id=\"n1\" class=\"start\">Dzia\u0142 Techniczny<\/td><td id=\"n2\" >12 634 51 73<\/td><td id=\"n3\" >665 270 950 (TB)<\/br>\r\n696 756 029 (TCO)<\/td><\/tr><tr class=\"table-alternate row9\"> <td id=\"n1\" class=\"start\">Ksi\u0119gowo\u015b\u0107<\/td><td id=\"n2\" >12 633 75 95<\/td><td id=\"n3\" >882 995 603<\/td><\/tr><tr class= \"table-noalt row10\"><td id=\"n1\" class=\"start\">Dzia\u0142 cz\u0142onkowsko - lokalowy<\/td><td id=\"n2\" ><\/td><td id=\"n3\" >784 973 794<\/td><\/tr><tr class=\"table-alternate row11\"> <td id=\"n1\" class=\"start\"><\/br><\/br><font size=\"5px\"><font color=\"#168117\"><img loading=\"lazy\" decoding=\"async\" src=\"https:\/\/www.smlobzow.pl\/wp-content\/uploads\/2016\/11\/tel.png\" width=\"41\" height=\"31\" style=\"PADDING-RIGHT: 10px\" ><b>Pozosta\u0142e telefony<\/b><\/font><\/font><\/td><td id=\"n2\" ><\/br><\/td><td id=\"n3\" ><\/br><\/td><\/tr><tr class= \"table-noalt row12\"><td id=\"n1\" class=\"start\">Zak\u0142ad Obs\u0142ugi Nieruchomo\u015bci\r\n<\/br>Eko-Serwis Wojciech Sie\u0144ko\r\n<\/br>Dy\u017curny elektryk\r\n<\/br>Dy\u017curny wod. kan. gaz. c.o.<\/td><td id=\"n2\" >w godz. pracy Sp-ni<\/br>\r\n12 265 16 23 (24h)<\/td><td id=\"n3\" >w dni wolne i \u015bwi\u0119ta<\/br>\r\n12 265 16 23 (24h) lub<\/br>\r\n572 507 013<\/br>\r\n572 507 012<\/td><\/tr><tr class=\"table-alternate row13\"> <td id=\"n1\" class=\"start\">Naprawa domofon\u00f3w, szlaban\u00f3w<\/br>\r\nINTEEL - Marcin Ostrowski<\/td><td id=\"n2\" >602 122 268 <\/td><td id=\"n3\" >794 122 268<\/td><\/tr><tr class= \"table-noalt row14\"><td id=\"n1\" class=\"start\">Awarie szlaban\u00f3w i bram<\/td><td id=\"n2\" >602 122 268<\/br> Firma INTEEL<\/td><td id=\"n3\" >602 136 037<\/br>Dy\u017curny elektryk<\/td><\/tr><tr class=\"table-alternate row15\"> <td id=\"n1\" class=\"start\">Pogotowie d\u017awigowe (24h)<\/br>\r\nOrona Sp. z o.o. (dawniej KRAKD\u0179WIG)<\/td><td id=\"n2\" >12 415 33 00<\/td><td id=\"n3\" >501 383 140<\/td><\/tr><tr class= \"table-noalt row16\"><td id=\"n1\" class=\"start\">Kominiarz - Sp\u00f3\u0142dzielnia Pracy\r\n<\/br>Kominiarzy w Wadowicach (8:00-15:00)<\/td><td id=\"n2\" >12 276 32 38\r\n<\/br>662 278 287<\/td><td id=\"n3\" ><\/td><\/tr><tr class=\"table-alternate row17\"> <td id=\"n1\" class=\"start\">P4 Play (dawniej UPC)<\/td><td id=\"n2\" >32 494 94 80\r\n<\/br>Pakiet podstawowy TV -<\/td><td id=\"n3\" > 813 813 813\r\n<\/br>nr id.: 4066756<\/td><\/tr><tr class= \"table-noalt row18\"><td id=\"n1\" class=\"start\">T.U. UNIQA  (ubezpieczyciel Sp-ni)<\/td><td id=\"n2\" >42 66 66 500<\/br>801 597 597<\/td><td id=\"n3\" ><\/td><\/tr><tr class=\"table-alternate row19\"> <td id=\"n1\" class=\"start\"><\/br><\/br><img loading=\"lazy\" decoding=\"async\" src=\"https:\/\/www.smlobzow.pl\/wp-content\/uploads\/2016\/11\/tel.png\" width=\"41\" height=\"31\" style=\"PADDING-RIGHT: 10px\" ><font size=\"5px\"><font color=\"#168117\"><b>Telefony alarmowe<\/b><\/font><\/font><\/td><td id=\"n2\" ><\/br><\/td><td id=\"n3\" ><\/td><\/tr><tr class= \"table-noalt row20\"><td id=\"n1\" class=\"start\">Alarmowy<\/td><td id=\"n2\" >112<\/td><td id=\"n3\" ><\/td><\/tr><tr class=\"table-alternate row21\"> <td id=\"n1\" class=\"start\">Policja<\/br> IV Komisariat ul. Kr\u00f3lewska 4 <\/td><td id=\"n2\" >997\r\n<\/br>47 835 10 00<\/td><td id=\"n3\" ><\/br>47 835 29 13<\/td><\/tr><tr class= \"table-noalt row22\"><td id=\"n1\" class=\"start\">Stra\u017c Po\u017carna<\/td><td id=\"n2\" >998<\/td><td id=\"n3\" ><\/td><\/tr><tr class=\"table-alternate row23\"> <td id=\"n1\" class=\"start\">Pogotowie Ratunkowe<\/td><td id=\"n2\" >999<\/td><td id=\"n3\" ><\/td><\/tr><tr class= \"table-noalt row24\"><td id=\"n1\" class=\"start\">Pogotowie Gazowe<\/td><td id=\"n2\" >992<\/td><td id=\"n3\" ><\/td><\/tr><tr class=\"table-alternate row25\"> <td id=\"n1\" class=\"start\">Pogotowie Energetyczne<\/td><td id=\"n2\" >991<\/td><td id=\"n3\" ><\/td><\/tr><tr class= \"table-noalt row26\"><td id=\"n1\" class=\"start\">Pogotowie MPEC<\/td><td id=\"n2\" >993<\/td><td id=\"n3\" >12 644 18 72<\/td><\/tr><tr class=\"table-alternate row27\"> <td id=\"n1\" class=\"start\">Pogotowie MPWiK<\/td><td id=\"n2\" >994<\/td><td id=\"n3\" >12 422 92 05\r\n<\/br>12 424 23 03<\/td><\/tr><tr class= \"table-noalt row28\"><td id=\"n1\" class=\"start\">Stra\u017c Miejska<\/br>O. Krowodrza ul. Stachiewicza 3<\/td><td id=\"n2\" >986\r\n<\/br>12 688 22 23<\/td><td id=\"n3\" >12 411 00 45<\/td><\/tr><\/tbody><\/table>\n","protected":false},"excerpt":{"rendered":"<p>SP\u00d3\u0141DZIELNIA MIESZKANIOWA &#8222;\u0141OBZ\u00d3W&#8221; W KRAKOWIE ul. Mazowiecka 66, 30-019 Krak\u00f3w NIP: 675-000-57-89, REGON: 003888090, KRS: 0000104155 Konto Bankowe: Krakowski Bank Sp\u00f3\u0142dzielczy, Rynek Kleparski 8, 31-150 Krak\u00f3w Nr rachunku 74 8591 0007 0020 0017 5913 0001 e-mail:\u00a0poczta@smlobzow.pl www.smlobzow.pl www.facebook.com\/smlobzow e-Dor\u0119czenia: AE:PL-71607-95705-ETRDJ-30<\/p>\n","protected":false},"author":1,"featured_media":0,"parent":0,"menu_order":0,"comment_status":"closed","ping_status":"closed","template":"","meta":{"footnotes":""},"class_list":["post-42","page","type-page","status-publish","hentry"],"_links":{"self":[{"href":"https:\/\/smlobzow.pl\/index.php\/wp-json\/wp\/v2\/pages\/42","targetHints":{"allow":["GET"]}}],"collection":[{"href":"https:\/\/smlobzow.pl\/index.php\/wp-json\/wp\/v2\/pages"}],"about":[{"href":"https:\/\/smlobzow.pl\/index.php\/wp-json\/wp\/v2\/types\/page"}],"author":[{"embeddable":true,"href":"https:\/\/smlobzow.pl\/index.php\/wp-json\/wp\/v2\/users\/1"}],"replies":[{"embeddable":true,"href":"https:\/\/smlobzow.pl\/index.php\/wp-json\/wp\/v2\/comments?post=42"}],"version-history":[{"count":33,"href":"https:\/\/smlobzow.pl\/index.php\/wp-json\/wp\/v2\/pages\/42\/revisions"}],"predecessor-version":[{"id":4302,"href":"https:\/\/smlobzow.pl\/index.php\/wp-json\/wp\/v2\/pages\/42\/revisions\/4302"}],"wp:attachment":[{"href":"https:\/\/smlobzow.pl\/index.php\/wp-json\/wp\/v2\/media?parent=42"}],"curies":[{"name":"wp","href":"https:\/\/api.w.org\/{rel}","templated":true}]}}