{"id":4284,"date":"2024-01-23T14:15:46","date_gmt":"2024-01-23T13:15:46","guid":{"rendered":"https:\/\/smlobzow.pl\/?page_id=4284"},"modified":"2024-01-23T14:33:39","modified_gmt":"2024-01-23T13:33:39","slug":"dostep-do-mol","status":"publish","type":"page","link":"https:\/\/smlobzow.pl\/index.php\/dostep-do-mol\/","title":{"rendered":"Dost\u0119p do MOL"},"content":{"rendered":"<p style=\"text-align: center;\"><span style=\"font-size: 14pt; color: #008000;\">Zasady dost\u0119pu do MOL (Marhal On Line)<\/span><\/p>\n<p>Aby uzyska\u0107 dost\u0119p do us\u0142ugi MOL (Marhal On Line) nale\u017cy dostarczy\u0107 do Sp\u00f3\u0142dzielni formularz aktywacji us\u0142ugi (otw\u00f3rz \/ pobierz <a href=\"https:\/\/smlobzow.pl\/?wpfb_dl=1085\">formularz<\/a>).<\/p>\n<p>Po zweryfikowaniu danych podanych w formularzu, na podany adres email zostanie wys\u0142ana informacja z indywidualnym loginem i has\u0142em do us\u0142ugi MOL dla u\u017cytkownika.<\/p>\n<p>Logowanie do systemu odbywa si\u0119 poprzez stron\u0119 <a href=\"http:\/\/marhalonline.pl\">http:\/\/marhalonline.pl<\/a> lub poprzez stron\u0119 internetow\u0105 Sp\u00f3\u0142dzielni (www.smlobzow.pl).<\/p>\n","protected":false},"excerpt":{"rendered":"<p>Zasady dost\u0119pu do MOL (Marhal On Line) Aby uzyska\u0107 dost\u0119p do us\u0142ugi MOL (Marhal On Line) nale\u017cy dostarczy\u0107 do Sp\u00f3\u0142dzielni formularz aktywacji us\u0142ugi (otw\u00f3rz \/ pobierz formularz). Po zweryfikowaniu danych podanych w formularzu, na podany adres email zostanie wys\u0142ana informacja z indywidualnym loginem i has\u0142em do us\u0142ugi MOL dla u\u017cytkownika. Logowanie do systemu odbywa si\u0119<a class=\"moretag\" href=\"https:\/\/smlobzow.pl\/index.php\/dostep-do-mol\/\"><span class=\"screen-reader-text\">Wi\u0119cej oDost\u0119p do MOL<\/span>[&#8230;]<\/a><\/p>\n","protected":false},"author":2821,"featured_media":0,"parent":0,"menu_order":0,"comment_status":"closed","ping_status":"closed","template":"","meta":{"footnotes":""},"class_list":["post-4284","page","type-page","status-publish","hentry"],"_links":{"self":[{"href":"https:\/\/smlobzow.pl\/index.php\/wp-json\/wp\/v2\/pages\/4284","targetHints":{"allow":["GET"]}}],"collection":[{"href":"https:\/\/smlobzow.pl\/index.php\/wp-json\/wp\/v2\/pages"}],"about":[{"href":"https:\/\/smlobzow.pl\/index.php\/wp-json\/wp\/v2\/types\/page"}],"author":[{"embeddable":true,"href":"https:\/\/smlobzow.pl\/index.php\/wp-json\/wp\/v2\/users\/2821"}],"replies":[{"embeddable":true,"href":"https:\/\/smlobzow.pl\/index.php\/wp-json\/wp\/v2\/comments?post=4284"}],"version-history":[{"count":5,"href":"https:\/\/smlobzow.pl\/index.php\/wp-json\/wp\/v2\/pages\/4284\/revisions"}],"predecessor-version":[{"id":4291,"href":"https:\/\/smlobzow.pl\/index.php\/wp-json\/wp\/v2\/pages\/4284\/revisions\/4291"}],"wp:attachment":[{"href":"https:\/\/smlobzow.pl\/index.php\/wp-json\/wp\/v2\/media?parent=4284"}],"curies":[{"name":"wp","href":"https:\/\/api.w.org\/{rel}","templated":true}]}}