{"id":50,"date":"2016-10-13T11:40:38","date_gmt":"2016-10-13T09:40:38","guid":{"rendered":"http:\/\/comnet2.compower.pl\/lobzow\/?page_id=50"},"modified":"2019-09-17T13:15:11","modified_gmt":"2019-09-17T11:15:11","slug":"o-spoldzielni","status":"publish","type":"page","link":"https:\/\/smlobzow.pl\/index.php\/o-spoldzielni\/","title":{"rendered":"O Sp\u00f3ldzielni"},"content":{"rendered":"<p><span style=\"color: #008000;\"><strong>Powstanie Sp\u00f3\u0142dzielni, lokalizacja, dzia\u0142alno\u015b\u0107<\/strong><\/span><\/p>\n<p style=\"text-align: justify;\">Sp\u00f3\u0142dzielnia Mieszkaniowa &#8222;\u0141obz\u00f3w&#8221; w Krakowie powsta\u0142a w 1990 roku w wyniku podzia\u0142u Sp\u00f3\u0142dzielni Mieszkaniowej &#8222;Krakus&#8221;.<\/p>\n<p style=\"text-align: justify;\">Osiedle sp\u00f3\u0142dzielcze usytuowane jest w zachodniej cz\u0119\u015bci miasta &#8211; w dzielnicy Krowodrza &#8211; w obr\u0119bie ulic Mazowieckiej, Wroc\u0142awskiej i Rac\u0142awickiej. Aktualnie Sp\u00f3\u0142dzielnia nie prowadzi dzia\u0142alno\u015bci inwestycyjnej, a jedynie administracyjno-eksploatacyjn\u0105.<\/p>\n","protected":false},"excerpt":{"rendered":"<p>Powstanie Sp\u00f3\u0142dzielni, lokalizacja, dzia\u0142alno\u015b\u0107 Sp\u00f3\u0142dzielnia Mieszkaniowa &#8222;\u0141obz\u00f3w&#8221; w Krakowie powsta\u0142a w 1990 roku w wyniku podzia\u0142u Sp\u00f3\u0142dzielni Mieszkaniowej &#8222;Krakus&#8221;. Osiedle sp\u00f3\u0142dzielcze usytuowane jest w zachodniej cz\u0119\u015bci miasta &#8211; w dzielnicy Krowodrza &#8211; w obr\u0119bie ulic Mazowieckiej, Wroc\u0142awskiej i Rac\u0142awickiej. Aktualnie Sp\u00f3\u0142dzielnia nie prowadzi dzia\u0142alno\u015bci inwestycyjnej, a jedynie administracyjno-eksploatacyjn\u0105.<\/p>\n","protected":false},"author":1,"featured_media":0,"parent":0,"menu_order":0,"comment_status":"closed","ping_status":"closed","template":"","meta":{"footnotes":""},"class_list":["post-50","page","type-page","status-publish","hentry"],"_links":{"self":[{"href":"https:\/\/smlobzow.pl\/index.php\/wp-json\/wp\/v2\/pages\/50","targetHints":{"allow":["GET"]}}],"collection":[{"href":"https:\/\/smlobzow.pl\/index.php\/wp-json\/wp\/v2\/pages"}],"about":[{"href":"https:\/\/smlobzow.pl\/index.php\/wp-json\/wp\/v2\/types\/page"}],"author":[{"embeddable":true,"href":"https:\/\/smlobzow.pl\/index.php\/wp-json\/wp\/v2\/users\/1"}],"replies":[{"embeddable":true,"href":"https:\/\/smlobzow.pl\/index.php\/wp-json\/wp\/v2\/comments?post=50"}],"version-history":[{"count":11,"href":"https:\/\/smlobzow.pl\/index.php\/wp-json\/wp\/v2\/pages\/50\/revisions"}],"predecessor-version":[{"id":2504,"href":"https:\/\/smlobzow.pl\/index.php\/wp-json\/wp\/v2\/pages\/50\/revisions\/2504"}],"wp:attachment":[{"href":"https:\/\/smlobzow.pl\/index.php\/wp-json\/wp\/v2\/media?parent=50"}],"curies":[{"name":"wp","href":"https:\/\/api.w.org\/{rel}","templated":true}]}}