{"id":77,"date":"2016-10-13T12:11:09","date_gmt":"2016-10-13T10:11:09","guid":{"rendered":"http:\/\/comnet2.compower.pl\/lobzow\/?page_id=77"},"modified":"2023-06-13T07:48:17","modified_gmt":"2023-06-13T05:48:17","slug":"przyjecia-stron","status":"publish","type":"page","link":"https:\/\/smlobzow.pl\/index.php\/przyjecia-stron\/","title":{"rendered":"Przyj\u0119cia stron"},"content":{"rendered":"<p>&nbsp;<\/p>\n<p><span style=\"font-size: 17pt; color: #168117;\"><strong>Przyj\u0119cia stron przez Cz\u0142onk\u00f3w Zarz\u0105du<\/strong><\/span><\/p>\n<p style=\"text-align: justify;\">Cz\u0142onkowie Zarz\u0105du przyjmuj\u0105 w ka\u017cdy poniedzia\u0142ek w godzinach 14.00 &#8211; 17.00, po wcze\u015bniejszym uzgodnieniu terminu w Sekretariacie.<\/p>\n<p>&nbsp;<\/p>\n<p><span style=\"color: #168117; font-size: 17pt;\"><strong>Rada Nadzorcza<\/strong><\/span><\/p>\n<p style=\"text-align: justify;\">Wszystkie sprawy do Rady Nadzorczej mo\u017cna kierowa\u0107 korespondencyjnie.<\/p>\n","protected":false},"excerpt":{"rendered":"<p>&nbsp; Przyj\u0119cia stron przez Cz\u0142onk\u00f3w Zarz\u0105du Cz\u0142onkowie Zarz\u0105du przyjmuj\u0105 w ka\u017cdy poniedzia\u0142ek w godzinach 14.00 &#8211; 17.00, po wcze\u015bniejszym uzgodnieniu terminu w Sekretariacie. &nbsp; Rada Nadzorcza Wszystkie sprawy do Rady Nadzorczej mo\u017cna kierowa\u0107 korespondencyjnie.<\/p>\n","protected":false},"author":1,"featured_media":0,"parent":0,"menu_order":0,"comment_status":"closed","ping_status":"closed","template":"","meta":{"footnotes":""},"class_list":["post-77","page","type-page","status-publish","hentry"],"_links":{"self":[{"href":"https:\/\/smlobzow.pl\/index.php\/wp-json\/wp\/v2\/pages\/77","targetHints":{"allow":["GET"]}}],"collection":[{"href":"https:\/\/smlobzow.pl\/index.php\/wp-json\/wp\/v2\/pages"}],"about":[{"href":"https:\/\/smlobzow.pl\/index.php\/wp-json\/wp\/v2\/types\/page"}],"author":[{"embeddable":true,"href":"https:\/\/smlobzow.pl\/index.php\/wp-json\/wp\/v2\/users\/1"}],"replies":[{"embeddable":true,"href":"https:\/\/smlobzow.pl\/index.php\/wp-json\/wp\/v2\/comments?post=77"}],"version-history":[{"count":59,"href":"https:\/\/smlobzow.pl\/index.php\/wp-json\/wp\/v2\/pages\/77\/revisions"}],"predecessor-version":[{"id":4125,"href":"https:\/\/smlobzow.pl\/index.php\/wp-json\/wp\/v2\/pages\/77\/revisions\/4125"}],"wp:attachment":[{"href":"https:\/\/smlobzow.pl\/index.php\/wp-json\/wp\/v2\/media?parent=77"}],"curies":[{"name":"wp","href":"https:\/\/api.w.org\/{rel}","templated":true}]}}