{"id":99,"date":"2016-10-13T14:05:31","date_gmt":"2016-10-13T12:05:31","guid":{"rendered":"http:\/\/comnet2.compower.pl\/lobzow\/?page_id=99"},"modified":"2017-01-15T09:03:02","modified_gmt":"2017-01-15T08:03:02","slug":"walne-zgromadzenie","status":"publish","type":"page","link":"https:\/\/smlobzow.pl\/index.php\/walne-zgromadzenie\/","title":{"rendered":"Walne Zgromadzenie"},"content":{"rendered":"<p><strong>Walne Zgromadzenie dzia\u0142a na podstawie:<\/strong><\/p>\n<ul>\n<li>ustawy z dnia 16 wrze\u015bnia 1982 r. Prawo sp\u00f3\u0142dzielcze,<\/li>\n<li>ustawy z dnia 15 grudnia 2000 r. o sp\u00f3\u0142dzielniach mieszkaniowych,<\/li>\n<li>statutu Sp\u00f3\u0142dzielni.<\/li>\n<\/ul>\n<p><strong>Walne Zgromadzenie jest najwy\u017cszym organem Sp\u00f3\u0142dzielni.<\/strong><\/p>\n<p><strong>Do wy\u0142\u0105cznej w\u0142a\u015bciwo\u015bci Walnego Zgromadzenia nale\u017cy:<\/strong><\/p>\n<ol>\n<li style=\"text-align: justify;\">Uchwalanie kierunk\u00f3w dzia\u0142alno\u015bci gospodarczej.<\/li>\n<li style=\"text-align: justify;\">Rozpatrywanie sprawozda\u0144 Rady Nadzorczej, zatwierdzanie sprawozda\u0144 rocznych i sprawozda\u0144<br \/>\nfinansowych oraz podejmowanie uchwa\u0142 co do wniosk\u00f3w cz\u0142onk\u00f3w Sp\u00f3\u0142dzielni Rady<br \/>\nNadzorczej lub Zarz\u0105du w tych sprawach.<\/li>\n<li style=\"text-align: justify;\">Udzielanie absolutorium cz\u0142onkom Zarz\u0105du.<\/li>\n<li style=\"text-align: justify;\">Rozpatrywanie wniosk\u00f3w wynikaj\u0105cych z przedstawionego protoko\u0142u polustracyjnego z<br \/>\ndzia\u0142alno\u015bci Sp\u00f3\u0142dzielni oraz podejmowanie uchwa\u0142 w tym zakresie.<\/li>\n<li style=\"text-align: justify;\">Podejmowanie uchwa\u0142 w sprawie podzia\u0142u nadwy\u017cki bilansowej (dochodu og\u00f3lnego) lub<br \/>\nsposobu pokrycia strat.<\/li>\n<li style=\"text-align: justify;\">Podejmowanie uchwa\u0142 w sprawie zbycia nieruchomo\u015bci.<\/li>\n<li style=\"text-align: justify;\">Podejmowanie uchwa\u0142 w sprawie przyst\u0119powania do innych organizacji gospodarczych oraz<br \/>\nwyst\u0119powania z nich.<\/li>\n<li style=\"text-align: justify;\">Oznaczanie najwy\u017cszej sumy zobowi\u0105za\u0144 jak\u0105 Sp\u00f3\u0142dzielnia mo\u017ce zaci\u0105gn\u0105\u0107.<\/li>\n<li style=\"text-align: justify;\">Podejmowanie uchwa\u0142 w sprawie po\u0142\u0105czenia si\u0119 Sp\u00f3\u0142dzielni, podzia\u0142u Sp\u00f3\u0142dzielni oraz<br \/>\nlikwidacji Sp\u00f3\u0142dzielni.<\/li>\n<li style=\"text-align: justify;\">Rozpatrywanie w post\u0119powaniu wewn\u0105trzsp\u00f3\u0142dzielczym odwo\u0142a\u0144 od uchwa\u0142 Rady Nadzorczej.<\/li>\n<li style=\"text-align: justify;\">Uchwalanie zmian statutu.<\/li>\n<li style=\"text-align: justify;\">Podejmowanie uchwa\u0142 w sprawie przyst\u0105pienia lub wyst\u0105pienia Sp\u00f3\u0142dzielni ze zwi\u0105zku<br \/>\nsp\u00f3\u0142dzielczego oraz upowa\u017cnienie Zarz\u0105du do podejmowania dzia\u0142a\u0144 w tym zakresie.<\/li>\n<li style=\"text-align: justify;\">Wyb\u00f3r delegat\u00f3w na zjazd zwi\u0105zku, w kt\u00f3rym Sp\u00f3\u0142dzielnia jest zrzeszona.<\/li>\n<li style=\"text-align: justify;\">Wyb\u00f3r i odwo\u0142anie cz\u0142onk\u00f3w Rady Nadzorczej.<\/li>\n<li style=\"text-align: justify;\">Uchwalanie regulaminu Walnego Zgromadzenia i Rady Nadzorczej.<\/li>\n<li style=\"text-align: justify;\">Podejmowanie uchwa\u0142 w sprawie uchylenia zawieszenia lub odwo\u0142ania zawieszonego cz\u0142onka<br \/>\nRady Nadzorczej naruszaj\u0105cego zakaz prowadzenia dzia\u0142alno\u015bci konkurencyjnej.<\/li>\n<\/ol>\n","protected":false},"excerpt":{"rendered":"<p>Walne Zgromadzenie dzia\u0142a na podstawie: ustawy z dnia 16 wrze\u015bnia 1982 r. Prawo sp\u00f3\u0142dzielcze, ustawy z dnia 15 grudnia 2000 r. o sp\u00f3\u0142dzielniach mieszkaniowych, statutu Sp\u00f3\u0142dzielni. Walne Zgromadzenie jest najwy\u017cszym organem Sp\u00f3\u0142dzielni. Do wy\u0142\u0105cznej w\u0142a\u015bciwo\u015bci Walnego Zgromadzenia nale\u017cy: Uchwalanie kierunk\u00f3w dzia\u0142alno\u015bci gospodarczej. Rozpatrywanie sprawozda\u0144 Rady Nadzorczej, zatwierdzanie sprawozda\u0144 rocznych i sprawozda\u0144 finansowych oraz podejmowanie uchwa\u0142<a class=\"moretag\" href=\"https:\/\/smlobzow.pl\/index.php\/walne-zgromadzenie\/\"><span class=\"screen-reader-text\">Wi\u0119cej oWalne Zgromadzenie<\/span>[&#8230;]<\/a><\/p>\n","protected":false},"author":1,"featured_media":0,"parent":0,"menu_order":0,"comment_status":"closed","ping_status":"closed","template":"","meta":{"footnotes":""},"class_list":["post-99","page","type-page","status-publish","hentry"],"_links":{"self":[{"href":"https:\/\/smlobzow.pl\/index.php\/wp-json\/wp\/v2\/pages\/99","targetHints":{"allow":["GET"]}}],"collection":[{"href":"https:\/\/smlobzow.pl\/index.php\/wp-json\/wp\/v2\/pages"}],"about":[{"href":"https:\/\/smlobzow.pl\/index.php\/wp-json\/wp\/v2\/types\/page"}],"author":[{"embeddable":true,"href":"https:\/\/smlobzow.pl\/index.php\/wp-json\/wp\/v2\/users\/1"}],"replies":[{"embeddable":true,"href":"https:\/\/smlobzow.pl\/index.php\/wp-json\/wp\/v2\/comments?post=99"}],"version-history":[{"count":5,"href":"https:\/\/smlobzow.pl\/index.php\/wp-json\/wp\/v2\/pages\/99\/revisions"}],"predecessor-version":[{"id":992,"href":"https:\/\/smlobzow.pl\/index.php\/wp-json\/wp\/v2\/pages\/99\/revisions\/992"}],"wp:attachment":[{"href":"https:\/\/smlobzow.pl\/index.php\/wp-json\/wp\/v2\/media?parent=99"}],"curies":[{"name":"wp","href":"https:\/\/api.w.org\/{rel}","templated":true}]}}